{"id":792,"date":"2025-11-23T21:52:18","date_gmt":"2025-11-23T21:52:18","guid":{"rendered":"https:\/\/ciofs-scuola-piemonte.it\/?page_id=792"},"modified":"2025-11-23T21:52:18","modified_gmt":"2025-11-23T21:52:18","slug":"il-manifesto-delle-scuole-delle-figlie-di-maria-ausiliatrice-in-italia","status":"publish","type":"page","link":"https:\/\/ciofs-scuola-piemonte.it\/?page_id=792","title":{"rendered":"Il MANIFESTO DELLE SCUOLE DELLE FIGLIE DI MARIA AUSILIATRICE IN ITALIA"},"content":{"rendered":"\n<h2 class=\"wp-block-heading\">A SCUOLA PER ESSERE FELICI<\/h2>\n\n\n\n<p><strong>Ogni persona porto dentro di s\u00e9 un desiderio profondo di felicit\u00e0, traccia dell&#8217;amare di Dio.<\/strong><\/p>\n\n\n\n<p>La Scuola Salesiana \u00e8 un tempo e un luogo per scoprire e coltivare il senso della vita, trovare fiducia in s\u00e9, accendere uno sguardo positivo sugli altri e sul creato, ringraziare e imparare a gioire.<\/p>\n\n\n\n<h2 class=\"wp-block-heading\">PENSIERO CRITICO E CUORE BUONO<\/h2>\n\n\n\n<p><strong>Ogni alunno ha bisogno di sviluppare i propri talenti e di potenziare e le proprie capacit\u00e0.<\/strong><\/p>\n\n\n\n<p>La Scuola Salesiana si dispone a cogliere le sfide della complessit\u00e0 e a rispondervi mettendo in campo i cardini del Sistema Preventivo: la spiritualit\u00e0, la ragionevolezza e la benevolenza.<\/p>\n\n\n\n<h2 class=\"wp-block-heading\">EDUCATORI COMPAGNI DI VIAGGIO<\/h2>\n\n\n\n<p><strong>Dietro ogni opera c&#8217;\u00e8 un disegno. <\/strong><\/p>\n\n\n\n<p>La Scuola Salesiana mette al cuore di ogni azione il progetto di vita di ciascun alunno. L&#8217;insegnante \u00e8 il regista dell\u2019azione educativa e I suo impegno \u00e8 condivisione con l\u2019intera Comunit\u00e0 Educante.<\/p>\n\n\n\n<h2 class=\"wp-block-heading\">SOLIDARIET\u00c0 E SERVIZIO CREANO L&#8217;AMBIENTE<\/h2>\n\n\n\n<p><strong>Educare \u00e8 una risposta alla realt\u00e0 e assunzione di responsabilit\u00e0.<\/strong><\/p>\n\n\n\n<p>La Scuola Salesiana educa a vivere le situazioni quotidiane le relazioni con realt\u00e0, in stile di servizio e di rispetto.<\/p>\n\n\n\n<p>L\u2019ambiente educativo \u00e8 occasione d\u2019incontro che si incarna nel bisogno di esperienze vive.<\/p>\n\n\n\n<h2 class=\"wp-block-heading\">INNOVAZIONE E TRADIZIONE<\/h2>\n\n\n\n<p><strong>L&#8217;impegno educativo richiede creativit\u00e0 e fedelt\u00e0 alla persona<\/strong>.<\/p>\n\n\n\n<p>La Scuola Salesiana affronta da sempre le situazioni con l&#8217;intento di un apprendimento dinamico, olistico e situato, con la consapevolezza che occorre affrontare le domande degli alunni e ascoltare le loro esigenze cogliendovi opportunit\u00e0 e sfide.<\/p>\n\n\n\n<h2 class=\"wp-block-heading\">COLLABORAZIONI E RETI OLTRE L&#8217;AULA<\/h2>\n\n\n\n<p><strong>Essere cittadini del mondo. <\/strong><\/p>\n\n\n\n<p>La Scuola Salesiana desidera formare cittadini attivi e responsabili e si presenta come cantiere aperto e laboratorio di relazioni per tessere legami significativi sul territorio dove opera e per offrire Il proprio contributo alla civilt\u00e0 dell&#8217;amore.<\/p>\n","protected":false},"excerpt":{"rendered":"<p>A SCUOLA PER ESSERE FELICI Ogni persona porto dentro di s\u00e9 un desiderio profondo di felicit\u00e0, traccia dell&#8217;amare di Dio. La Scuola Salesiana \u00e8 un tempo e un luogo per scoprire e coltivare il senso della vita, trovare fiducia in s\u00e9, accendere uno sguardo positivo sugli altri e sul creato, ringraziare e imparare a gioire. &hellip; <\/p>\n<p class=\"link-more\"><a href=\"https:\/\/ciofs-scuola-piemonte.it\/?page_id=792\" class=\"more-link\">Leggi tutto<span class=\"screen-reader-text\"> &#8220;Il MANIFESTO DELLE SCUOLE DELLE FIGLIE DI MARIA AUSILIATRICE IN ITALIA&#8221;<\/span><\/a><\/p>\n","protected":false},"author":2,"featured_media":793,"parent":0,"menu_order":0,"comment_status":"closed","ping_status":"closed","template":"","meta":{"footnotes":""},"class_list":["post-792","page","type-page","status-publish","has-post-thumbnail","hentry"],"_links":{"self":[{"href":"https:\/\/ciofs-scuola-piemonte.it\/index.php?rest_route=\/wp\/v2\/pages\/792","targetHints":{"allow":["GET"]}}],"collection":[{"href":"https:\/\/ciofs-scuola-piemonte.it\/index.php?rest_route=\/wp\/v2\/pages"}],"about":[{"href":"https:\/\/ciofs-scuola-piemonte.it\/index.php?rest_route=\/wp\/v2\/types\/page"}],"author":[{"embeddable":true,"href":"https:\/\/ciofs-scuola-piemonte.it\/index.php?rest_route=\/wp\/v2\/users\/2"}],"replies":[{"embeddable":true,"href":"https:\/\/ciofs-scuola-piemonte.it\/index.php?rest_route=%2Fwp%2Fv2%2Fcomments&post=792"}],"version-history":[{"count":1,"href":"https:\/\/ciofs-scuola-piemonte.it\/index.php?rest_route=\/wp\/v2\/pages\/792\/revisions"}],"predecessor-version":[{"id":794,"href":"https:\/\/ciofs-scuola-piemonte.it\/index.php?rest_route=\/wp\/v2\/pages\/792\/revisions\/794"}],"wp:featuredmedia":[{"embeddable":true,"href":"https:\/\/ciofs-scuola-piemonte.it\/index.php?rest_route=\/wp\/v2\/media\/793"}],"wp:attachment":[{"href":"https:\/\/ciofs-scuola-piemonte.it\/index.php?rest_route=%2Fwp%2Fv2%2Fmedia&parent=792"}],"curies":[{"name":"wp","href":"https:\/\/api.w.org\/{rel}","templated":true}]}}